{"id":22191,"date":"2025-03-05T13:13:37","date_gmt":"2025-03-05T13:13:37","guid":{"rendered":"https:\/\/www.4bizproperties.ro\/?page_id=22191"},"modified":"2025-03-07T13:18:39","modified_gmt":"2025-03-07T13:18:39","slug":"terenuri","status":"publish","type":"page","link":"https:\/\/www.4bizproperties.ro\/en\/terenuri\/","title":{"rendered":"Land"},"content":{"rendered":"<div data-elementor-type=\"wp-page\" data-elementor-id=\"22191\" class=\"elementor elementor-22191\">\n\t\t\t\t\t\t<section class=\"elementor-section elementor-top-section elementor-element elementor-element-543f1a82 elementor-section-stretched elementor-section-full_width elementor-section-height-default elementor-section-height-default\" data-id=\"543f1a82\" data-element_type=\"section\" data-settings=\"{&quot;stretch_section&quot;:&quot;section-stretched&quot;,&quot;background_background&quot;:&quot;classic&quot;}\">\n\t\t\t\t\t\t<div class=\"elementor-container elementor-column-gap-default\">\n\t\t\t\t\t<div class=\"elementor-column elementor-col-100 elementor-top-column elementor-element elementor-element-78dda93d\" data-id=\"78dda93d\" data-element_type=\"column\" data-settings=\"{&quot;background_background&quot;:&quot;classic&quot;}\">\n\t\t\t<div class=\"elementor-widget-wrap elementor-element-populated\">\n\t\t\t\t\t\t<div class=\"elementor-element elementor-element-3e3b275f elementor-widget elementor-widget-heading\" data-id=\"3e3b275f\" data-element_type=\"widget\" data-widget_type=\"heading.default\">\n\t\t\t\t<div class=\"elementor-widget-container\">\n\t\t\t\t\t<h2 class=\"elementor-heading-title elementor-size-default\">Land<\/h2>\t\t\t\t<\/div>\n\t\t\t\t<\/div>\n\t\t\t\t<div class=\"elementor-element elementor-element-7d50a0c5 elementor-invisible elementor-widget elementor-widget-text-editor\" data-id=\"7d50a0c5\" data-element_type=\"widget\" data-settings=\"{&quot;_animation&quot;:&quot;fadeIn&quot;,&quot;_animation_delay&quot;:200}\" data-widget_type=\"text-editor.default\">\n\t\t\t\t<div class=\"elementor-widget-container\">\n\t\t\t\t\t\t\t\t\t<p>Comprehensive advice on land acquisition, development and investment helps you choose the best opportunities on the market. Whether you are an investor, developer or company, our team assists you in identifying ideal locations and evaluating land use options.<\/p>\t\t\t\t\t\t\t\t<\/div>\n\t\t\t\t<\/div>\n\t\t\t\t<div class=\"elementor-element elementor-element-10d2513c elementor-invisible elementor-widget elementor-widget-text-editor\" data-id=\"10d2513c\" data-element_type=\"widget\" data-settings=\"{&quot;_animation&quot;:&quot;fadeIn&quot;,&quot;_animation_delay&quot;:200}\" data-widget_type=\"text-editor.default\">\n\t\t\t\t<div class=\"elementor-widget-container\">\n\t\t\t\t\t\t\t\t\t<p>Services offered:<\/p>\t\t\t\t\t\t\t\t<\/div>\n\t\t\t\t<\/div>\n\t\t<div class=\"elementor-element elementor-element-6cc13424 e-grid e-con-boxed e-con e-parent\" data-id=\"6cc13424\" data-element_type=\"container\">\n\t\t\t\t\t<div class=\"e-con-inner\">\n\t\t\t\t<div class=\"elementor-element elementor-element-f327906 elementor-widget elementor-widget-text-editor\" data-id=\"f327906\" data-element_type=\"widget\" data-widget_type=\"text-editor.default\">\n\t\t\t\t<div class=\"elementor-widget-container\">\n\t\t\t\t\t\t\t\t\t<ul><li>Land identification and evaluation<\/li><li>Market and trend analysis<\/li><li>Choosing the location for specific projects<\/li><\/ul>\t\t\t\t\t\t\t\t<\/div>\n\t\t\t\t<\/div>\n\t\t\t\t<div class=\"elementor-element elementor-element-4f2af0d0 elementor-widget elementor-widget-text-editor\" data-id=\"4f2af0d0\" data-element_type=\"widget\" data-widget_type=\"text-editor.default\">\n\t\t\t\t<div class=\"elementor-widget-container\">\n\t\t\t\t\t\t\t\t\t<ul><li>Feasibility studies and financing options<\/li><li>Site planning and obtaining permits<\/li><li>Assistance in negotiating purchases and sales<\/li><\/ul>\t\t\t\t\t\t\t\t<\/div>\n\t\t\t\t<\/div>\n\t\t\t\t\t<\/div>\n\t\t\t\t<\/div>\n\t\t\t\t<div class=\"elementor-element elementor-element-8cb9902 elementor-invisible elementor-widget elementor-widget-text-editor\" data-id=\"8cb9902\" data-element_type=\"widget\" data-settings=\"{&quot;_animation&quot;:&quot;fadeIn&quot;,&quot;_animation_delay&quot;:200}\" data-widget_type=\"text-editor.default\">\n\t\t\t\t<div class=\"elementor-widget-container\">\n\t\t\t\t\t\t\t\t\t<p>Benefit from our local expertise, which combines a deep knowledge of the Romanian real estate market with a careful strategic approach. We support you in maximizing returns on your land investment, analyzing opportunities according to their potential for development and use. Our team identifies ideal locations, offering customized solutions for acquisitions and development, taking into account both market trends and local legal regulations.<\/p>\t\t\t\t\t\t\t\t<\/div>\n\t\t\t\t<\/div>\n\t\t\t\t<div class=\"elementor-element elementor-element-1b5748d elementor-align-center elementor-button-info elementor-widget elementor-widget-button\" data-id=\"1b5748d\" data-element_type=\"widget\" data-widget_type=\"button.default\">\n\t\t\t\t<div class=\"elementor-widget-container\">\n\t\t\t\t\t\t\t\t\t<div class=\"elementor-button-wrapper\">\n\t\t\t\t\t<a class=\"elementor-button elementor-button-link elementor-size-sm\" href=\"https:\/\/www.4bizproperties.ro\/en\/categorie\/terenuri\/\">\n\t\t\t\t\t\t<span class=\"elementor-button-content-wrapper\">\n\t\t\t\t\t\t<span class=\"elementor-button-icon\">\n\t\t\t\t<svg aria-hidden=\"true\" class=\"e-font-icon-svg e-fas-arrow-right\" viewbox=\"0 0 448 512\" xmlns=\"http:\/\/www.w3.org\/2000\/svg\"><path d=\"M190.5 66.9l22.2-22.2c9.4-9.4 24.6-9.4 33.9 0L441 239c9.4 9.4 9.4 24.6 0 33.9L246.6 467.3c-9.4 9.4-24.6 9.4-33.9 0l-22.2-22.2c-9.5-9.5-9.3-25 .4-34.3L311.4 296H24c-13.3 0-24-10.7-24-24v-32c0-13.3 10.7-24 24-24h287.4L190.9 101.2c-9.8-9.3-10-24.8-.4-34.3z\"><\/path><\/svg>\t\t\t<\/span>\n\t\t\t\t\t\t\t\t\t<span class=\"elementor-button-text\">SEE PROPERTIES<\/span>\n\t\t\t\t\t<\/span>\n\t\t\t\t\t<\/a>\n\t\t\t\t<\/div>\n\t\t\t\t\t\t\t\t<\/div>\n\t\t\t\t<\/div>\n\t\t\t\t\t<\/div>\n\t\t<\/div>\n\t\t\t\t\t<\/div>\n\t\t<\/section>\n\t\t\t\t<\/div>","protected":false},"excerpt":{"rendered":"<p>Terenuri Consultan\u021ba complet\u0103 pentru achizi\u021bia, dezvoltarea \u0219i investi\u021biile \u00een terenuri v\u0103 ajut\u0103 s\u0103 alege\u021bi cele mai bune oportunit\u0103\u021bi pe pia\u021b\u0103. Indiferent dac\u0103 sunte\u021bi investitor, dezvoltator sau companie, echipa noastr\u0103 v\u0103 sprijin\u0103 \u00een identificarea loca\u021biilor ideale \u0219i \u00een evaluarea op\u021biunilor de utilizare a terenurilor. Servicii oferite: Identificarea \u0219i evaluarea terenurilor Analiza pie\u021bei \u0219i a tendin\u021belor Alegerea loca\u021biei pentru proiecte specifice Studii de fezabilitate \u0219i op\u021biuni &#8230;<\/p>","protected":false},"author":1,"featured_media":0,"parent":0,"menu_order":0,"comment_status":"closed","ping_status":"open","template":"","meta":{"inline_featured_image":false,"yasr_overall_rating":0,"yasr_post_is_review":"","yasr_auto_insert_disabled":"","yasr_review_type":"","_joinchat":[],"footnotes":""},"class_list":["post-22191","page","type-page","status-publish","hentry"],"yasr_visitor_votes":{"stars_attributes":{"read_only":false,"span_bottom":false},"number_of_votes":0,"sum_votes":0},"yoast_head":"<!-- This site is optimized with the Yoast SEO Premium plugin v24.4 (Yoast SEO v24.4) - https:\/\/yoast.com\/wordpress\/plugins\/seo\/ -->\n<title>Terenuri - 4Biz Properties<\/title>\n<meta name=\"robots\" content=\"index, follow, max-snippet:-1, max-image-preview:large, max-video-preview:-1\" \/>\n<link rel=\"canonical\" href=\"https:\/\/www.4bizproperties.ro\/en\/terenuri\/\" \/>\n<meta property=\"og:locale\" content=\"en_GB\" \/>\n<meta property=\"og:type\" content=\"article\" \/>\n<meta property=\"og:title\" content=\"Terenuri\" \/>\n<meta property=\"og:description\" content=\"Terenuri Consultan\u021ba complet\u0103 pentru achizi\u021bia, dezvoltarea \u0219i investi\u021biile \u00een terenuri v\u0103 ajut\u0103 s\u0103 alege\u021bi cele mai bune oportunit\u0103\u021bi pe pia\u021b\u0103. Indiferent dac\u0103 sunte\u021bi investitor, dezvoltator sau companie, echipa noastr\u0103 v\u0103 sprijin\u0103 \u00een identificarea loca\u021biilor ideale \u0219i \u00een evaluarea op\u021biunilor de utilizare a terenurilor. Servicii oferite: Identificarea \u0219i evaluarea terenurilor Analiza pie\u021bei \u0219i a tendin\u021belor Alegerea loca\u021biei pentru proiecte specifice Studii de fezabilitate \u0219i op\u021biuni ...\" \/>\n<meta property=\"og:url\" content=\"https:\/\/www.4bizproperties.ro\/en\/terenuri\/\" \/>\n<meta property=\"og:site_name\" content=\"4Biz Properties\" \/>\n<meta property=\"article:modified_time\" content=\"2025-03-07T13:18:39+00:00\" \/>\n<meta name=\"twitter:card\" content=\"summary_large_image\" \/>\n<meta name=\"twitter:label1\" content=\"Estimated reading time\" \/>\n\t<meta name=\"twitter:data1\" content=\"1 minute\" \/>\n<script type=\"application\/ld+json\" class=\"yoast-schema-graph\">{\"@context\":\"https:\/\/schema.org\",\"@graph\":[{\"@type\":\"WebPage\",\"@id\":\"https:\/\/www.4bizproperties.ro\/terenuri\/\",\"url\":\"https:\/\/www.4bizproperties.ro\/terenuri\/\",\"name\":\"Terenuri - 4Biz Properties\",\"isPartOf\":{\"@id\":\"https:\/\/www.4bizproperties.ro\/#website\"},\"datePublished\":\"2025-03-05T13:13:37+00:00\",\"dateModified\":\"2025-03-07T13:18:39+00:00\",\"breadcrumb\":{\"@id\":\"https:\/\/www.4bizproperties.ro\/terenuri\/#breadcrumb\"},\"inLanguage\":\"en-GB\",\"potentialAction\":[{\"@type\":\"ReadAction\",\"target\":[\"https:\/\/www.4bizproperties.ro\/terenuri\/\"]}]},{\"@type\":\"BreadcrumbList\",\"@id\":\"https:\/\/www.4bizproperties.ro\/terenuri\/#breadcrumb\",\"itemListElement\":[{\"@type\":\"ListItem\",\"position\":1,\"name\":\"Prima pagin\u0103\",\"item\":\"https:\/\/www.4bizproperties.ro\/\"},{\"@type\":\"ListItem\",\"position\":2,\"name\":\"Terenuri\"}]},{\"@type\":\"WebSite\",\"@id\":\"https:\/\/www.4bizproperties.ro\/#website\",\"url\":\"https:\/\/www.4bizproperties.ro\/\",\"name\":\"4Biz Properties\",\"description\":\"Commercial Real Estate. Defined by Expertise.\",\"potentialAction\":[{\"@type\":\"SearchAction\",\"target\":{\"@type\":\"EntryPoint\",\"urlTemplate\":\"https:\/\/www.4bizproperties.ro\/?s={search_term_string}\"},\"query-input\":{\"@type\":\"PropertyValueSpecification\",\"valueRequired\":true,\"valueName\":\"search_term_string\"}}],\"inLanguage\":\"en-GB\"},false]}<\/script>\n<!-- \/ Yoast SEO Premium plugin. -->","yoast_head_json":{"title":"Terenuri - 4Biz Properties","robots":{"index":"index","follow":"follow","max-snippet":"max-snippet:-1","max-image-preview":"max-image-preview:large","max-video-preview":"max-video-preview:-1"},"canonical":"https:\/\/www.4bizproperties.ro\/en\/terenuri\/","og_locale":"en_GB","og_type":"article","og_title":"Terenuri","og_description":"Terenuri Consultan\u021ba complet\u0103 pentru achizi\u021bia, dezvoltarea \u0219i investi\u021biile \u00een terenuri v\u0103 ajut\u0103 s\u0103 alege\u021bi cele mai bune oportunit\u0103\u021bi pe pia\u021b\u0103. Indiferent dac\u0103 sunte\u021bi investitor, dezvoltator sau companie, echipa noastr\u0103 v\u0103 sprijin\u0103 \u00een identificarea loca\u021biilor ideale \u0219i \u00een evaluarea op\u021biunilor de utilizare a terenurilor. Servicii oferite: Identificarea \u0219i evaluarea terenurilor Analiza pie\u021bei \u0219i a tendin\u021belor Alegerea loca\u021biei pentru proiecte specifice Studii de fezabilitate \u0219i op\u021biuni ...","og_url":"https:\/\/www.4bizproperties.ro\/en\/terenuri\/","og_site_name":"4Biz Properties","article_modified_time":"2025-03-07T13:18:39+00:00","twitter_card":"summary_large_image","twitter_misc":{"Estimated reading time":"1 minute"},"schema":{"@context":"https:\/\/schema.org","@graph":[{"@type":"WebPage","@id":"https:\/\/www.4bizproperties.ro\/terenuri\/","url":"https:\/\/www.4bizproperties.ro\/terenuri\/","name":"Terenuri - 4Biz Properties","isPartOf":{"@id":"https:\/\/www.4bizproperties.ro\/#website"},"datePublished":"2025-03-05T13:13:37+00:00","dateModified":"2025-03-07T13:18:39+00:00","breadcrumb":{"@id":"https:\/\/www.4bizproperties.ro\/terenuri\/#breadcrumb"},"inLanguage":"en-GB","potentialAction":[{"@type":"ReadAction","target":["https:\/\/www.4bizproperties.ro\/terenuri\/"]}]},{"@type":"BreadcrumbList","@id":"https:\/\/www.4bizproperties.ro\/terenuri\/#breadcrumb","itemListElement":[{"@type":"ListItem","position":1,"name":"Prima pagin\u0103","item":"https:\/\/www.4bizproperties.ro\/"},{"@type":"ListItem","position":2,"name":"Terenuri"}]},{"@type":"WebSite","@id":"https:\/\/www.4bizproperties.ro\/#website","url":"https:\/\/www.4bizproperties.ro\/","name":"4Biz Properties","description":"Commercial Real Estate. Defined by Expertise.","potentialAction":[{"@type":"SearchAction","target":{"@type":"EntryPoint","urlTemplate":"https:\/\/www.4bizproperties.ro\/?s={search_term_string}"},"query-input":{"@type":"PropertyValueSpecification","valueRequired":true,"valueName":"search_term_string"}}],"inLanguage":"en-GB"},false]}},"_links":{"self":[{"href":"https:\/\/www.4bizproperties.ro\/en\/wp-json\/wp\/v2\/pages\/22191","targetHints":{"allow":["GET"]}}],"collection":[{"href":"https:\/\/www.4bizproperties.ro\/en\/wp-json\/wp\/v2\/pages"}],"about":[{"href":"https:\/\/www.4bizproperties.ro\/en\/wp-json\/wp\/v2\/types\/page"}],"author":[{"embeddable":true,"href":"https:\/\/www.4bizproperties.ro\/en\/wp-json\/wp\/v2\/users\/1"}],"replies":[{"embeddable":true,"href":"https:\/\/www.4bizproperties.ro\/en\/wp-json\/wp\/v2\/comments?post=22191"}],"version-history":[{"count":7,"href":"https:\/\/www.4bizproperties.ro\/en\/wp-json\/wp\/v2\/pages\/22191\/revisions"}],"predecessor-version":[{"id":22364,"href":"https:\/\/www.4bizproperties.ro\/en\/wp-json\/wp\/v2\/pages\/22191\/revisions\/22364"}],"wp:attachment":[{"href":"https:\/\/www.4bizproperties.ro\/en\/wp-json\/wp\/v2\/media?parent=22191"}],"curies":[{"name":"wp","href":"https:\/\/api.w.org\/{rel}","templated":true}]}}