{"id":24009,"date":"2025-09-30T12:15:15","date_gmt":"2025-09-30T12:15:15","guid":{"rendered":"https:\/\/www.4bizproperties.ro\/?page_id=24009"},"modified":"2025-10-02T08:02:36","modified_gmt":"2025-10-02T08:02:36","slug":"terenuri-de-vanzare","status":"publish","type":"page","link":"https:\/\/www.4bizproperties.ro\/en\/terenuri-de-vanzare\/","title":{"rendered":"Land for sale"},"content":{"rendered":"<div data-elementor-type=\"wp-page\" data-elementor-id=\"24009\" class=\"elementor elementor-24009\">\n\t\t\t\t<div class=\"elementor-element elementor-element-245f7f3 e-flex e-con-boxed e-con e-parent\" data-id=\"245f7f3\" data-element_type=\"container\" data-settings=\"{&quot;background_background&quot;:&quot;classic&quot;}\">\n\t\t\t\t\t<div class=\"e-con-inner\">\n\t\t\t\t<div class=\"elementor-element elementor-element-7ecf5f72 elementor-widget elementor-widget-heading\" data-id=\"7ecf5f72\" data-element_type=\"widget\" data-widget_type=\"heading.default\">\n\t\t\t\t<div class=\"elementor-widget-container\">\n\t\t\t\t\t<h2 class=\"elementor-heading-title elementor-size-default\"><a href=\"https:\/\/www.4bizproperties.ro\/en\/inchiriere\/birouri\/\">Land for development<\/a><\/h2>\t\t\t\t<\/div>\n\t\t\t\t<\/div>\n\t\t\t\t\t<\/div>\n\t\t\t\t<\/div>\n\t\t<div class=\"elementor-element elementor-element-e771cfe e-flex e-con-boxed e-con e-parent\" data-id=\"e771cfe\" data-element_type=\"container\" data-settings=\"{&quot;background_background&quot;:&quot;classic&quot;}\">\n\t\t\t\t\t<div class=\"e-con-inner\">\n\t\t\t\t<div class=\"elementor-element elementor-element-0b43708 elementor-widget elementor-widget-heading\" data-id=\"0b43708\" data-element_type=\"widget\" data-widget_type=\"heading.default\">\n\t\t\t\t<div class=\"elementor-widget-container\">\n\t\t\t\t\t<p class=\"elementor-heading-title elementor-size-default\"><a href=\"https:\/\/www.4bizproperties.ro\/en\/contact\/\">Need commercial real estate advice? Contact our team of experts for customized solutions in investments, acquisitions, sales and leasing.<\/a><\/p>\t\t\t\t<\/div>\n\t\t\t\t<\/div>\n\t\t\t\t\t<\/div>\n\t\t\t\t<\/div>\n\t\t\t\t<section class=\"elementor-section elementor-top-section elementor-element elementor-element-10d26d00 elementor-section-full_width elementor-section-stretched elementor-section-height-default elementor-section-height-default\" data-id=\"10d26d00\" data-element_type=\"section\" data-settings=\"{&quot;stretch_section&quot;:&quot;section-stretched&quot;}\">\n\t\t\t\t\t\t\t<div class=\"elementor-background-overlay\"><\/div>\n\t\t\t\t\t\t\t<div class=\"elementor-container elementor-column-gap-no\">\n\t\t\t\t\t<div class=\"elementor-column elementor-col-50 elementor-top-column elementor-element elementor-element-6090820a\" data-id=\"6090820a\" data-element_type=\"column\" data-settings=\"{&quot;background_background&quot;:&quot;classic&quot;}\">\n\t\t\t<div class=\"elementor-widget-wrap elementor-element-populated\">\n\t\t\t\t\t\t<div class=\"elementor-element elementor-element-29b92ab elementor-widget elementor-widget-image\" data-id=\"29b92ab\" data-element_type=\"widget\" data-widget_type=\"image.default\">\n\t\t\t\t<div class=\"elementor-widget-container\">\n\t\t\t\t\t\t\t\t\t\t\t\t\t\t\t<img fetchpriority=\"high\" decoding=\"async\" width=\"2560\" height=\"1920\" src=\"https:\/\/www.4bizproperties.ro\/wp-content\/uploads\/2025\/09\/Terenuri-dezvoltare-Iasi-scaled.jpg\" class=\"attachment-full size-full wp-image-24014\" alt=\"\" srcset=\"https:\/\/www.4bizproperties.ro\/wp-content\/uploads\/2025\/09\/Terenuri-dezvoltare-Iasi-scaled.jpg 2560w, https:\/\/www.4bizproperties.ro\/wp-content\/uploads\/2025\/09\/Terenuri-dezvoltare-Iasi-300x225.jpg 300w, https:\/\/www.4bizproperties.ro\/wp-content\/uploads\/2025\/09\/Terenuri-dezvoltare-Iasi-1024x768.jpg 1024w, https:\/\/www.4bizproperties.ro\/wp-content\/uploads\/2025\/09\/Terenuri-dezvoltare-Iasi-768x576.jpg 768w, https:\/\/www.4bizproperties.ro\/wp-content\/uploads\/2025\/09\/Terenuri-dezvoltare-Iasi-1536x1152.jpg 1536w, https:\/\/www.4bizproperties.ro\/wp-content\/uploads\/2025\/09\/Terenuri-dezvoltare-Iasi-2048x1536.jpg 2048w, https:\/\/www.4bizproperties.ro\/wp-content\/uploads\/2025\/09\/Terenuri-dezvoltare-Iasi-16x12.jpg 16w\" sizes=\"(max-width: 2560px) 100vw, 2560px\" \/>\t\t\t\t\t\t\t\t\t\t\t\t\t\t\t<\/div>\n\t\t\t\t<\/div>\n\t\t\t\t<div class=\"elementor-element elementor-element-1d9a2a6a elementor-widget elementor-widget-heading\" data-id=\"1d9a2a6a\" data-element_type=\"widget\" data-widget_type=\"heading.default\">\n\t\t\t\t<div class=\"elementor-widget-container\">\n\t\t\t\t\t<h2 class=\"elementor-heading-title elementor-size-default\">Land for sale Ia\u0219i<\/h2>\t\t\t\t<\/div>\n\t\t\t\t<\/div>\n\t\t\t\t<div class=\"elementor-element elementor-element-25a187c1 elementor-widget elementor-widget-spacer\" data-id=\"25a187c1\" data-element_type=\"widget\" data-widget_type=\"spacer.default\">\n\t\t\t\t<div class=\"elementor-widget-container\">\n\t\t\t\t\t\t\t<div class=\"elementor-spacer\">\n\t\t\t<div class=\"elementor-spacer-inner\"><\/div>\n\t\t<\/div>\n\t\t\t\t\t\t<\/div>\n\t\t\t\t<\/div>\n\t\t\t\t<div class=\"elementor-element elementor-element-1441b40e elementor-align-left elementor-button-info elementor-widget elementor-widget-button\" data-id=\"1441b40e\" data-element_type=\"widget\" data-widget_type=\"button.default\">\n\t\t\t\t<div class=\"elementor-widget-container\">\n\t\t\t\t\t\t\t\t\t<div class=\"elementor-button-wrapper\">\n\t\t\t\t\t<a class=\"elementor-button elementor-button-link elementor-size-sm\" href=\"https:\/\/www.4bizproperties.ro\/en\/categorie\/terenuri-de-vanzare-iasi\/\">\n\t\t\t\t\t\t<span class=\"elementor-button-content-wrapper\">\n\t\t\t\t\t\t<span class=\"elementor-button-icon\">\n\t\t\t\t<svg aria-hidden=\"true\" class=\"e-font-icon-svg e-fas-arrow-right\" viewbox=\"0 0 448 512\" xmlns=\"http:\/\/www.w3.org\/2000\/svg\"><path d=\"M190.5 66.9l22.2-22.2c9.4-9.4 24.6-9.4 33.9 0L441 239c9.4 9.4 9.4 24.6 0 33.9L246.6 467.3c-9.4 9.4-24.6 9.4-33.9 0l-22.2-22.2c-9.5-9.5-9.3-25 .4-34.3L311.4 296H24c-13.3 0-24-10.7-24-24v-32c0-13.3 10.7-24 24-24h287.4L190.9 101.2c-9.8-9.3-10-24.8-.4-34.3z\"><\/path><\/svg>\t\t\t<\/span>\n\t\t\t\t\t\t\t\t\t<span class=\"elementor-button-text\">See offers<\/span>\n\t\t\t\t\t<\/span>\n\t\t\t\t\t<\/a>\n\t\t\t\t<\/div>\n\t\t\t\t\t\t\t\t<\/div>\n\t\t\t\t<\/div>\n\t\t\t\t\t<\/div>\n\t\t<\/div>\n\t\t\t\t<div class=\"elementor-column elementor-col-50 elementor-top-column elementor-element elementor-element-3b5d787\" data-id=\"3b5d787\" data-element_type=\"column\" data-settings=\"{&quot;background_background&quot;:&quot;classic&quot;}\">\n\t\t\t<div class=\"elementor-widget-wrap elementor-element-populated\">\n\t\t\t\t\t\t<div class=\"elementor-element elementor-element-33dd730 elementor-widget elementor-widget-image\" data-id=\"33dd730\" data-element_type=\"widget\" data-widget_type=\"image.default\">\n\t\t\t\t<div class=\"elementor-widget-container\">\n\t\t\t\t\t\t\t\t\t\t\t\t\t\t\t<img decoding=\"async\" width=\"2560\" height=\"1920\" src=\"https:\/\/www.4bizproperties.ro\/wp-content\/uploads\/2025\/09\/Terenuri-dezvoltare-Neamt-scaled.jpg\" class=\"attachment-full size-full wp-image-24015\" alt=\"\" srcset=\"https:\/\/www.4bizproperties.ro\/wp-content\/uploads\/2025\/09\/Terenuri-dezvoltare-Neamt-scaled.jpg 2560w, https:\/\/www.4bizproperties.ro\/wp-content\/uploads\/2025\/09\/Terenuri-dezvoltare-Neamt-300x225.jpg 300w, https:\/\/www.4bizproperties.ro\/wp-content\/uploads\/2025\/09\/Terenuri-dezvoltare-Neamt-1024x768.jpg 1024w, https:\/\/www.4bizproperties.ro\/wp-content\/uploads\/2025\/09\/Terenuri-dezvoltare-Neamt-768x576.jpg 768w, https:\/\/www.4bizproperties.ro\/wp-content\/uploads\/2025\/09\/Terenuri-dezvoltare-Neamt-1536x1152.jpg 1536w, https:\/\/www.4bizproperties.ro\/wp-content\/uploads\/2025\/09\/Terenuri-dezvoltare-Neamt-2048x1536.jpg 2048w, https:\/\/www.4bizproperties.ro\/wp-content\/uploads\/2025\/09\/Terenuri-dezvoltare-Neamt-16x12.jpg 16w\" sizes=\"(max-width: 2560px) 100vw, 2560px\" \/>\t\t\t\t\t\t\t\t\t\t\t\t\t\t\t<\/div>\n\t\t\t\t<\/div>\n\t\t\t\t<div class=\"elementor-element elementor-element-987c752 elementor-widget elementor-widget-heading\" data-id=\"987c752\" data-element_type=\"widget\" data-widget_type=\"heading.default\">\n\t\t\t\t<div class=\"elementor-widget-container\">\n\t\t\t\t\t<h2 class=\"elementor-heading-title elementor-size-default\">Land for Sale Neam\u021b<\/h2>\t\t\t\t<\/div>\n\t\t\t\t<\/div>\n\t\t\t\t<div class=\"elementor-element elementor-element-0e48434 elementor-widget elementor-widget-spacer\" data-id=\"0e48434\" data-element_type=\"widget\" data-widget_type=\"spacer.default\">\n\t\t\t\t<div class=\"elementor-widget-container\">\n\t\t\t\t\t\t\t<div class=\"elementor-spacer\">\n\t\t\t<div class=\"elementor-spacer-inner\"><\/div>\n\t\t<\/div>\n\t\t\t\t\t\t<\/div>\n\t\t\t\t<\/div>\n\t\t\t\t<div class=\"elementor-element elementor-element-2da1437 elementor-align-left elementor-button-info elementor-widget elementor-widget-button\" data-id=\"2da1437\" data-element_type=\"widget\" data-widget_type=\"button.default\">\n\t\t\t\t<div class=\"elementor-widget-container\">\n\t\t\t\t\t\t\t\t\t<div class=\"elementor-button-wrapper\">\n\t\t\t\t\t<a class=\"elementor-button elementor-button-link elementor-size-sm\" href=\"https:\/\/www.4bizproperties.ro\/en\/categorie\/terenuri-de-vanzare-neamt\/\">\n\t\t\t\t\t\t<span class=\"elementor-button-content-wrapper\">\n\t\t\t\t\t\t<span class=\"elementor-button-icon\">\n\t\t\t\t<svg aria-hidden=\"true\" class=\"e-font-icon-svg e-fas-arrow-right\" viewbox=\"0 0 448 512\" xmlns=\"http:\/\/www.w3.org\/2000\/svg\"><path d=\"M190.5 66.9l22.2-22.2c9.4-9.4 24.6-9.4 33.9 0L441 239c9.4 9.4 9.4 24.6 0 33.9L246.6 467.3c-9.4 9.4-24.6 9.4-33.9 0l-22.2-22.2c-9.5-9.5-9.3-25 .4-34.3L311.4 296H24c-13.3 0-24-10.7-24-24v-32c0-13.3 10.7-24 24-24h287.4L190.9 101.2c-9.8-9.3-10-24.8-.4-34.3z\"><\/path><\/svg>\t\t\t<\/span>\n\t\t\t\t\t\t\t\t\t<span class=\"elementor-button-text\">See offers<\/span>\n\t\t\t\t\t<\/span>\n\t\t\t\t\t<\/a>\n\t\t\t\t<\/div>\n\t\t\t\t\t\t\t\t<\/div>\n\t\t\t\t<\/div>\n\t\t\t\t\t<\/div>\n\t\t<\/div>\n\t\t\t\t\t<\/div>\n\t\t<\/section>\n\t\t\t\t<\/div>","protected":false},"excerpt":{"rendered":"<p>Terenuri pentru dezvolt\u0103ri Ai nevoie de consultan\u021b\u0103 \u00een domeniul imobiliar comercial? Contacteaz\u0103 echipa noastr\u0103 de exper\u021bi pentru solu\u021bii personalizate \u00een investi\u021bii, achizi\u021bii, v\u00e2nz\u0103ri \u0219i \u00eenchirieri. Terenuri de v\u00e2nzare Ia\u0219i Vezi oferte Terenuri de v\u00e2nzare Neam\u021b Vezi oferte<\/p>","protected":false},"author":1,"featured_media":24011,"parent":0,"menu_order":0,"comment_status":"closed","ping_status":"closed","template":"","meta":{"inline_featured_image":false,"yasr_overall_rating":0,"yasr_post_is_review":"","yasr_auto_insert_disabled":"","yasr_review_type":"","_joinchat":[],"footnotes":""},"class_list":["post-24009","page","type-page","status-publish","has-post-thumbnail","hentry"],"yasr_visitor_votes":{"stars_attributes":{"read_only":false,"span_bottom":false},"number_of_votes":0,"sum_votes":0},"yoast_head":"<!-- This site is optimized with the Yoast SEO Premium plugin v24.4 (Yoast SEO v24.4) - https:\/\/yoast.com\/wordpress\/plugins\/seo\/ -->\n<title>Terenuri de vanzare Romania | 4Biz Properties<\/title>\n<meta name=\"description\" content=\"Terenuri de vanzare in Romania. Solutii pentru dezvoltari imobiliare (retail, logistica, rezidential).\" \/>\n<meta name=\"robots\" content=\"index, follow, max-snippet:-1, max-image-preview:large, max-video-preview:-1\" \/>\n<link rel=\"canonical\" href=\"https:\/\/www.4bizproperties.ro\/en\/terenuri-de-vanzare\/\" \/>\n<meta property=\"og:locale\" content=\"en_GB\" \/>\n<meta property=\"og:type\" content=\"article\" \/>\n<meta property=\"og:title\" content=\"Terenuri de vanzare\" \/>\n<meta property=\"og:description\" content=\"Terenuri de vanzare in Romania. Solutii pentru dezvoltari imobiliare (retail, logistica, rezidential).\" \/>\n<meta property=\"og:url\" content=\"https:\/\/www.4bizproperties.ro\/en\/terenuri-de-vanzare\/\" \/>\n<meta property=\"og:site_name\" content=\"4Biz Properties\" \/>\n<meta property=\"article:modified_time\" content=\"2025-10-02T08:02:36+00:00\" \/>\n<meta property=\"og:image\" content=\"https:\/\/www.4bizproperties.ro\/wp-content\/uploads\/2025\/09\/Terenuri-4-Biz-Properties-1024x1024.png\" \/>\n\t<meta property=\"og:image:width\" content=\"1024\" \/>\n\t<meta property=\"og:image:height\" content=\"1024\" \/>\n\t<meta property=\"og:image:type\" content=\"image\/png\" \/>\n<meta name=\"twitter:card\" content=\"summary_large_image\" \/>\n<meta name=\"twitter:label1\" content=\"Estimated reading time\" \/>\n\t<meta name=\"twitter:data1\" content=\"1 minute\" \/>\n<script type=\"application\/ld+json\" class=\"yoast-schema-graph\">{\"@context\":\"https:\/\/schema.org\",\"@graph\":[{\"@type\":\"WebPage\",\"@id\":\"https:\/\/www.4bizproperties.ro\/terenuri-de-vanzare\/\",\"url\":\"https:\/\/www.4bizproperties.ro\/terenuri-de-vanzare\/\",\"name\":\"Terenuri de vanzare Romania | 4Biz Properties\",\"isPartOf\":{\"@id\":\"https:\/\/www.4bizproperties.ro\/#website\"},\"primaryImageOfPage\":{\"@id\":\"https:\/\/www.4bizproperties.ro\/terenuri-de-vanzare\/#primaryimage\"},\"image\":{\"@id\":\"https:\/\/www.4bizproperties.ro\/terenuri-de-vanzare\/#primaryimage\"},\"thumbnailUrl\":\"https:\/\/www.4bizproperties.ro\/wp-content\/uploads\/2025\/09\/Terenuri-4-Biz-Properties.png\",\"datePublished\":\"2025-09-30T12:15:15+00:00\",\"dateModified\":\"2025-10-02T08:02:36+00:00\",\"description\":\"Terenuri de vanzare in Romania. Solutii pentru dezvoltari imobiliare (retail, logistica, rezidential).\",\"breadcrumb\":{\"@id\":\"https:\/\/www.4bizproperties.ro\/terenuri-de-vanzare\/#breadcrumb\"},\"inLanguage\":\"en-GB\",\"potentialAction\":[{\"@type\":\"ReadAction\",\"target\":[\"https:\/\/www.4bizproperties.ro\/terenuri-de-vanzare\/\"]}]},{\"@type\":\"ImageObject\",\"inLanguage\":\"en-GB\",\"@id\":\"https:\/\/www.4bizproperties.ro\/terenuri-de-vanzare\/#primaryimage\",\"url\":\"https:\/\/www.4bizproperties.ro\/wp-content\/uploads\/2025\/09\/Terenuri-4-Biz-Properties.png\",\"contentUrl\":\"https:\/\/www.4bizproperties.ro\/wp-content\/uploads\/2025\/09\/Terenuri-4-Biz-Properties.png\",\"width\":1080,\"height\":1080},{\"@type\":\"BreadcrumbList\",\"@id\":\"https:\/\/www.4bizproperties.ro\/terenuri-de-vanzare\/#breadcrumb\",\"itemListElement\":[{\"@type\":\"ListItem\",\"position\":1,\"name\":\"Prima pagin\u0103\",\"item\":\"https:\/\/www.4bizproperties.ro\/\"},{\"@type\":\"ListItem\",\"position\":2,\"name\":\"Terenuri de vanzare\"}]},{\"@type\":\"WebSite\",\"@id\":\"https:\/\/www.4bizproperties.ro\/#website\",\"url\":\"https:\/\/www.4bizproperties.ro\/\",\"name\":\"4Biz Properties\",\"description\":\"Commercial Real Estate. Defined by Expertise.\",\"potentialAction\":[{\"@type\":\"SearchAction\",\"target\":{\"@type\":\"EntryPoint\",\"urlTemplate\":\"https:\/\/www.4bizproperties.ro\/?s={search_term_string}\"},\"query-input\":{\"@type\":\"PropertyValueSpecification\",\"valueRequired\":true,\"valueName\":\"search_term_string\"}}],\"inLanguage\":\"en-GB\"},false]}<\/script>\n<!-- \/ Yoast SEO Premium plugin. -->","yoast_head_json":{"title":"Terenuri de vanzare Romania | 4Biz Properties","description":"Terenuri de vanzare in Romania. Solutii pentru dezvoltari imobiliare (retail, logistica, rezidential).","robots":{"index":"index","follow":"follow","max-snippet":"max-snippet:-1","max-image-preview":"max-image-preview:large","max-video-preview":"max-video-preview:-1"},"canonical":"https:\/\/www.4bizproperties.ro\/en\/terenuri-de-vanzare\/","og_locale":"en_GB","og_type":"article","og_title":"Terenuri de vanzare","og_description":"Terenuri de vanzare in Romania. Solutii pentru dezvoltari imobiliare (retail, logistica, rezidential).","og_url":"https:\/\/www.4bizproperties.ro\/en\/terenuri-de-vanzare\/","og_site_name":"4Biz Properties","article_modified_time":"2025-10-02T08:02:36+00:00","og_image":[{"width":1024,"height":1024,"url":"https:\/\/www.4bizproperties.ro\/wp-content\/uploads\/2025\/09\/Terenuri-4-Biz-Properties-1024x1024.png","type":"image\/png"}],"twitter_card":"summary_large_image","twitter_misc":{"Estimated reading time":"1 minute"},"schema":{"@context":"https:\/\/schema.org","@graph":[{"@type":"WebPage","@id":"https:\/\/www.4bizproperties.ro\/terenuri-de-vanzare\/","url":"https:\/\/www.4bizproperties.ro\/terenuri-de-vanzare\/","name":"Terenuri de vanzare Romania | 4Biz Properties","isPartOf":{"@id":"https:\/\/www.4bizproperties.ro\/#website"},"primaryImageOfPage":{"@id":"https:\/\/www.4bizproperties.ro\/terenuri-de-vanzare\/#primaryimage"},"image":{"@id":"https:\/\/www.4bizproperties.ro\/terenuri-de-vanzare\/#primaryimage"},"thumbnailUrl":"https:\/\/www.4bizproperties.ro\/wp-content\/uploads\/2025\/09\/Terenuri-4-Biz-Properties.png","datePublished":"2025-09-30T12:15:15+00:00","dateModified":"2025-10-02T08:02:36+00:00","description":"Terenuri de vanzare in Romania. Solutii pentru dezvoltari imobiliare (retail, logistica, rezidential).","breadcrumb":{"@id":"https:\/\/www.4bizproperties.ro\/terenuri-de-vanzare\/#breadcrumb"},"inLanguage":"en-GB","potentialAction":[{"@type":"ReadAction","target":["https:\/\/www.4bizproperties.ro\/terenuri-de-vanzare\/"]}]},{"@type":"ImageObject","inLanguage":"en-GB","@id":"https:\/\/www.4bizproperties.ro\/terenuri-de-vanzare\/#primaryimage","url":"https:\/\/www.4bizproperties.ro\/wp-content\/uploads\/2025\/09\/Terenuri-4-Biz-Properties.png","contentUrl":"https:\/\/www.4bizproperties.ro\/wp-content\/uploads\/2025\/09\/Terenuri-4-Biz-Properties.png","width":1080,"height":1080},{"@type":"BreadcrumbList","@id":"https:\/\/www.4bizproperties.ro\/terenuri-de-vanzare\/#breadcrumb","itemListElement":[{"@type":"ListItem","position":1,"name":"Prima pagin\u0103","item":"https:\/\/www.4bizproperties.ro\/"},{"@type":"ListItem","position":2,"name":"Terenuri de vanzare"}]},{"@type":"WebSite","@id":"https:\/\/www.4bizproperties.ro\/#website","url":"https:\/\/www.4bizproperties.ro\/","name":"4Biz Properties","description":"Commercial Real Estate. Defined by Expertise.","potentialAction":[{"@type":"SearchAction","target":{"@type":"EntryPoint","urlTemplate":"https:\/\/www.4bizproperties.ro\/?s={search_term_string}"},"query-input":{"@type":"PropertyValueSpecification","valueRequired":true,"valueName":"search_term_string"}}],"inLanguage":"en-GB"},false]}},"_links":{"self":[{"href":"https:\/\/www.4bizproperties.ro\/en\/wp-json\/wp\/v2\/pages\/24009","targetHints":{"allow":["GET"]}}],"collection":[{"href":"https:\/\/www.4bizproperties.ro\/en\/wp-json\/wp\/v2\/pages"}],"about":[{"href":"https:\/\/www.4bizproperties.ro\/en\/wp-json\/wp\/v2\/types\/page"}],"author":[{"embeddable":true,"href":"https:\/\/www.4bizproperties.ro\/en\/wp-json\/wp\/v2\/users\/1"}],"replies":[{"embeddable":true,"href":"https:\/\/www.4bizproperties.ro\/en\/wp-json\/wp\/v2\/comments?post=24009"}],"version-history":[{"count":13,"href":"https:\/\/www.4bizproperties.ro\/en\/wp-json\/wp\/v2\/pages\/24009\/revisions"}],"predecessor-version":[{"id":24110,"href":"https:\/\/www.4bizproperties.ro\/en\/wp-json\/wp\/v2\/pages\/24009\/revisions\/24110"}],"wp:featuredmedia":[{"embeddable":true,"href":"https:\/\/www.4bizproperties.ro\/en\/wp-json\/wp\/v2\/media\/24011"}],"wp:attachment":[{"href":"https:\/\/www.4bizproperties.ro\/en\/wp-json\/wp\/v2\/media?parent=24009"}],"curies":[{"name":"wp","href":"https:\/\/api.w.org\/{rel}","templated":true}]}}