{"id":24056,"date":"2025-10-01T08:41:38","date_gmt":"2025-10-01T08:41:38","guid":{"rendered":"https:\/\/www.4bizproperties.ro\/?page_id=24056"},"modified":"2025-10-01T08:49:37","modified_gmt":"2025-10-01T08:49:37","slug":"birouri-de-inchiriat","status":"publish","type":"page","link":"https:\/\/www.4bizproperties.ro\/en\/birouri-de-inchiriat\/","title":{"rendered":"Office space for rent"},"content":{"rendered":"<div data-elementor-type=\"wp-page\" data-elementor-id=\"24056\" class=\"elementor elementor-24056\">\n\t\t\t\t<div class=\"elementor-element elementor-element-245f7f3 e-flex e-con-boxed e-con e-parent\" data-id=\"245f7f3\" data-element_type=\"container\" data-settings=\"{&quot;background_background&quot;:&quot;classic&quot;}\">\n\t\t\t\t\t<div class=\"e-con-inner\">\n\t\t\t\t<div class=\"elementor-element elementor-element-7ecf5f72 elementor-widget elementor-widget-heading\" data-id=\"7ecf5f72\" data-element_type=\"widget\" data-widget_type=\"heading.default\">\n\t\t\t\t<div class=\"elementor-widget-container\">\n\t\t\t\t\t<h2 class=\"elementor-heading-title elementor-size-default\"><a href=\"https:\/\/www.4bizproperties.ro\/en\/inchiriere\/birouri\/\">Office space for rent<\/a><\/h2>\t\t\t\t<\/div>\n\t\t\t\t<\/div>\n\t\t\t\t\t<\/div>\n\t\t\t\t<\/div>\n\t\t<div class=\"elementor-element elementor-element-e771cfe e-flex e-con-boxed e-con e-parent\" data-id=\"e771cfe\" data-element_type=\"container\" data-settings=\"{&quot;background_background&quot;:&quot;classic&quot;}\">\n\t\t\t\t\t<div class=\"e-con-inner\">\n\t\t\t\t<div class=\"elementor-element elementor-element-0b43708 elementor-widget elementor-widget-heading\" data-id=\"0b43708\" data-element_type=\"widget\" data-widget_type=\"heading.default\">\n\t\t\t\t<div class=\"elementor-widget-container\">\n\t\t\t\t\t<p class=\"elementor-heading-title elementor-size-default\"><a href=\"https:\/\/www.4bizproperties.ro\/en\/contact\/\">***Contact our team of experts for off-market offers in office buildings.<\/a><\/p>\t\t\t\t<\/div>\n\t\t\t\t<\/div>\n\t\t\t\t\t<\/div>\n\t\t\t\t<\/div>\n\t\t\t\t<section class=\"elementor-section elementor-top-section elementor-element elementor-element-106aec6 elementor-section-full_width elementor-section-stretched elementor-section-height-default elementor-section-height-default\" data-id=\"106aec6\" data-element_type=\"section\" data-settings=\"{&quot;stretch_section&quot;:&quot;section-stretched&quot;}\">\n\t\t\t\t\t\t\t<div class=\"elementor-background-overlay\"><\/div>\n\t\t\t\t\t\t\t<div class=\"elementor-container elementor-column-gap-no\">\n\t\t\t\t\t<div class=\"elementor-column elementor-col-50 elementor-top-column elementor-element elementor-element-f0201d6\" data-id=\"f0201d6\" data-element_type=\"column\" data-settings=\"{&quot;background_background&quot;:&quot;classic&quot;}\">\n\t\t\t<div class=\"elementor-widget-wrap elementor-element-populated\">\n\t\t\t\t\t\t<div class=\"elementor-element elementor-element-5ae8337 elementor-widget elementor-widget-image\" data-id=\"5ae8337\" data-element_type=\"widget\" data-widget_type=\"image.default\">\n\t\t\t\t<div class=\"elementor-widget-container\">\n\t\t\t\t\t\t\t\t\t\t\t\t\t\t\t<img fetchpriority=\"high\" decoding=\"async\" width=\"1080\" height=\"1080\" src=\"https:\/\/www.4bizproperties.ro\/wp-content\/uploads\/2025\/03\/Silk-District.jpg\" class=\"attachment-full size-full wp-image-23338\" alt=\"\" srcset=\"https:\/\/www.4bizproperties.ro\/wp-content\/uploads\/2025\/03\/Silk-District.jpg 1080w, https:\/\/www.4bizproperties.ro\/wp-content\/uploads\/2025\/03\/Silk-District-300x300.jpg 300w, https:\/\/www.4bizproperties.ro\/wp-content\/uploads\/2025\/03\/Silk-District-1024x1024.jpg 1024w, https:\/\/www.4bizproperties.ro\/wp-content\/uploads\/2025\/03\/Silk-District-150x150.jpg 150w, https:\/\/www.4bizproperties.ro\/wp-content\/uploads\/2025\/03\/Silk-District-768x768.jpg 768w, https:\/\/www.4bizproperties.ro\/wp-content\/uploads\/2025\/03\/Silk-District-12x12.jpg 12w, https:\/\/www.4bizproperties.ro\/wp-content\/uploads\/2025\/03\/Silk-District-120x120.jpg 120w, https:\/\/www.4bizproperties.ro\/wp-content\/uploads\/2025\/03\/Silk-District-45x45.jpg 45w, https:\/\/www.4bizproperties.ro\/wp-content\/uploads\/2025\/03\/Silk-District-36x36.jpg 36w\" sizes=\"(max-width: 1080px) 100vw, 1080px\" \/>\t\t\t\t\t\t\t\t\t\t\t\t\t\t\t<\/div>\n\t\t\t\t<\/div>\n\t\t\t\t<div class=\"elementor-element elementor-element-33b66d3 elementor-widget elementor-widget-heading\" data-id=\"33b66d3\" data-element_type=\"widget\" data-widget_type=\"heading.default\">\n\t\t\t\t<div class=\"elementor-widget-container\">\n\t\t\t\t\t<h2 class=\"elementor-heading-title elementor-size-default\">Offices for rent Iasi<\/h2>\t\t\t\t<\/div>\n\t\t\t\t<\/div>\n\t\t\t\t<div class=\"elementor-element elementor-element-586d7a6 elementor-widget elementor-widget-spacer\" data-id=\"586d7a6\" data-element_type=\"widget\" data-widget_type=\"spacer.default\">\n\t\t\t\t<div class=\"elementor-widget-container\">\n\t\t\t\t\t\t\t<div class=\"elementor-spacer\">\n\t\t\t<div class=\"elementor-spacer-inner\"><\/div>\n\t\t<\/div>\n\t\t\t\t\t\t<\/div>\n\t\t\t\t<\/div>\n\t\t\t\t<div class=\"elementor-element elementor-element-9651e1f elementor-align-left elementor-button-info elementor-widget elementor-widget-button\" data-id=\"9651e1f\" data-element_type=\"widget\" data-widget_type=\"button.default\">\n\t\t\t\t<div class=\"elementor-widget-container\">\n\t\t\t\t\t\t\t\t\t<div class=\"elementor-button-wrapper\">\n\t\t\t\t\t<a class=\"elementor-button elementor-button-link elementor-size-sm\" href=\"https:\/\/www.4bizproperties.ro\/en\/categorie\/inchiriere-birouri-iasi\/\">\n\t\t\t\t\t\t<span class=\"elementor-button-content-wrapper\">\n\t\t\t\t\t\t<span class=\"elementor-button-icon\">\n\t\t\t\t<svg aria-hidden=\"true\" class=\"e-font-icon-svg e-fas-arrow-right\" viewbox=\"0 0 448 512\" xmlns=\"http:\/\/www.w3.org\/2000\/svg\"><path d=\"M190.5 66.9l22.2-22.2c9.4-9.4 24.6-9.4 33.9 0L441 239c9.4 9.4 9.4 24.6 0 33.9L246.6 467.3c-9.4 9.4-24.6 9.4-33.9 0l-22.2-22.2c-9.5-9.5-9.3-25 .4-34.3L311.4 296H24c-13.3 0-24-10.7-24-24v-32c0-13.3 10.7-24 24-24h287.4L190.9 101.2c-9.8-9.3-10-24.8-.4-34.3z\"><\/path><\/svg>\t\t\t<\/span>\n\t\t\t\t\t\t\t\t\t<span class=\"elementor-button-text\">RENT NOW<\/span>\n\t\t\t\t\t<\/span>\n\t\t\t\t\t<\/a>\n\t\t\t\t<\/div>\n\t\t\t\t\t\t\t\t<\/div>\n\t\t\t\t<\/div>\n\t\t\t\t\t<\/div>\n\t\t<\/div>\n\t\t\t\t<div class=\"elementor-column elementor-col-50 elementor-top-column elementor-element elementor-element-38f1bbe\" data-id=\"38f1bbe\" data-element_type=\"column\" data-settings=\"{&quot;background_background&quot;:&quot;classic&quot;}\">\n\t\t\t<div class=\"elementor-widget-wrap elementor-element-populated\">\n\t\t\t\t\t\t<div class=\"elementor-element elementor-element-5f82a52 elementor-widget elementor-widget-spacer\" data-id=\"5f82a52\" data-element_type=\"widget\" data-widget_type=\"spacer.default\">\n\t\t\t\t<div class=\"elementor-widget-container\">\n\t\t\t\t\t\t\t<div class=\"elementor-spacer\">\n\t\t\t<div class=\"elementor-spacer-inner\"><\/div>\n\t\t<\/div>\n\t\t\t\t\t\t<\/div>\n\t\t\t\t<\/div>\n\t\t\t\t\t<\/div>\n\t\t<\/div>\n\t\t\t\t\t<\/div>\n\t\t<\/section>\n\t\t\t\t<\/div>","protected":false},"excerpt":{"rendered":"<p>Spa\u021bii de birouri de \u00eenchiriat ***Contacteaz\u0103 echipa noastr\u0103 de exper\u021bi pentru oferte off-market \u00een cl\u0103diri de birouri. Birouri de \u00eenchiriat Ia\u0219i \u00ceNCHIRIAZ\u0102 ACUM<\/p>","protected":false},"author":1,"featured_media":24057,"parent":0,"menu_order":0,"comment_status":"closed","ping_status":"closed","template":"","meta":{"inline_featured_image":false,"yasr_overall_rating":0,"yasr_post_is_review":"","yasr_auto_insert_disabled":"","yasr_review_type":"","_joinchat":[],"footnotes":""},"class_list":["post-24056","page","type-page","status-publish","has-post-thumbnail","hentry"],"yasr_visitor_votes":{"stars_attributes":{"read_only":false,"span_bottom":false},"number_of_votes":0,"sum_votes":0},"yoast_head":"<!-- This site is optimized with the Yoast SEO Premium plugin v24.4 (Yoast SEO v24.4) - https:\/\/yoast.com\/wordpress\/plugins\/seo\/ -->\n<title>Spatii de birouri Romania | 4Biz Properties<\/title>\n<meta name=\"description\" content=\"Spatii de birouri de inchiriat \u00een Romania. Birouri clasa A in cladiri moderne \u2013 4Biz Properties.\" \/>\n<meta name=\"robots\" content=\"index, follow, max-snippet:-1, max-image-preview:large, max-video-preview:-1\" \/>\n<link rel=\"canonical\" href=\"https:\/\/www.4bizproperties.ro\/en\/birouri-de-inchiriat\/\" \/>\n<meta property=\"og:locale\" content=\"en_GB\" \/>\n<meta property=\"og:type\" content=\"article\" \/>\n<meta property=\"og:title\" content=\"Spatii de birouri de inchiriat\" \/>\n<meta property=\"og:description\" content=\"Spatii de birouri de inchiriat \u00een Romania. Birouri clasa A in cladiri moderne \u2013 4Biz Properties.\" \/>\n<meta property=\"og:url\" content=\"https:\/\/www.4bizproperties.ro\/en\/birouri-de-inchiriat\/\" \/>\n<meta property=\"og:site_name\" content=\"4Biz Properties\" \/>\n<meta property=\"article:modified_time\" content=\"2025-10-01T08:49:37+00:00\" \/>\n<meta property=\"og:image\" content=\"https:\/\/www.4bizproperties.ro\/wp-content\/uploads\/2025\/10\/Birouri-4Biz-properties.png\" \/>\n\t<meta property=\"og:image:width\" content=\"1080\" \/>\n\t<meta property=\"og:image:height\" content=\"1080\" \/>\n\t<meta property=\"og:image:type\" content=\"image\/png\" \/>\n<meta name=\"twitter:card\" content=\"summary_large_image\" \/>\n<meta name=\"twitter:label1\" content=\"Estimated reading time\" \/>\n\t<meta name=\"twitter:data1\" content=\"1 minute\" \/>\n<script type=\"application\/ld+json\" class=\"yoast-schema-graph\">{\"@context\":\"https:\/\/schema.org\",\"@graph\":[{\"@type\":\"WebPage\",\"@id\":\"https:\/\/www.4bizproperties.ro\/birouri-de-inchiriat\/\",\"url\":\"https:\/\/www.4bizproperties.ro\/birouri-de-inchiriat\/\",\"name\":\"Spatii de birouri Romania | 4Biz Properties\",\"isPartOf\":{\"@id\":\"https:\/\/www.4bizproperties.ro\/#website\"},\"primaryImageOfPage\":{\"@id\":\"https:\/\/www.4bizproperties.ro\/birouri-de-inchiriat\/#primaryimage\"},\"image\":{\"@id\":\"https:\/\/www.4bizproperties.ro\/birouri-de-inchiriat\/#primaryimage\"},\"thumbnailUrl\":\"https:\/\/www.4bizproperties.ro\/wp-content\/uploads\/2025\/10\/Birouri-4Biz-properties.png\",\"datePublished\":\"2025-10-01T08:41:38+00:00\",\"dateModified\":\"2025-10-01T08:49:37+00:00\",\"description\":\"Spatii de birouri de inchiriat \u00een Romania. Birouri clasa A in cladiri moderne \u2013 4Biz Properties.\",\"breadcrumb\":{\"@id\":\"https:\/\/www.4bizproperties.ro\/birouri-de-inchiriat\/#breadcrumb\"},\"inLanguage\":\"en-GB\",\"potentialAction\":[{\"@type\":\"ReadAction\",\"target\":[\"https:\/\/www.4bizproperties.ro\/birouri-de-inchiriat\/\"]}]},{\"@type\":\"ImageObject\",\"inLanguage\":\"en-GB\",\"@id\":\"https:\/\/www.4bizproperties.ro\/birouri-de-inchiriat\/#primaryimage\",\"url\":\"https:\/\/www.4bizproperties.ro\/wp-content\/uploads\/2025\/10\/Birouri-4Biz-properties.png\",\"contentUrl\":\"https:\/\/www.4bizproperties.ro\/wp-content\/uploads\/2025\/10\/Birouri-4Biz-properties.png\",\"width\":1080,\"height\":1080},{\"@type\":\"BreadcrumbList\",\"@id\":\"https:\/\/www.4bizproperties.ro\/birouri-de-inchiriat\/#breadcrumb\",\"itemListElement\":[{\"@type\":\"ListItem\",\"position\":1,\"name\":\"Prima pagin\u0103\",\"item\":\"https:\/\/www.4bizproperties.ro\/\"},{\"@type\":\"ListItem\",\"position\":2,\"name\":\"Spatii de birouri de inchiriat\"}]},{\"@type\":\"WebSite\",\"@id\":\"https:\/\/www.4bizproperties.ro\/#website\",\"url\":\"https:\/\/www.4bizproperties.ro\/\",\"name\":\"4Biz Properties\",\"description\":\"Commercial Real Estate. Defined by Expertise.\",\"potentialAction\":[{\"@type\":\"SearchAction\",\"target\":{\"@type\":\"EntryPoint\",\"urlTemplate\":\"https:\/\/www.4bizproperties.ro\/?s={search_term_string}\"},\"query-input\":{\"@type\":\"PropertyValueSpecification\",\"valueRequired\":true,\"valueName\":\"search_term_string\"}}],\"inLanguage\":\"en-GB\"},false]}<\/script>\n<!-- \/ Yoast SEO Premium plugin. -->","yoast_head_json":{"title":"Spatii de birouri Romania | 4Biz Properties","description":"Spatii de birouri de inchiriat \u00een Romania. Birouri clasa A in cladiri moderne \u2013 4Biz Properties.","robots":{"index":"index","follow":"follow","max-snippet":"max-snippet:-1","max-image-preview":"max-image-preview:large","max-video-preview":"max-video-preview:-1"},"canonical":"https:\/\/www.4bizproperties.ro\/en\/birouri-de-inchiriat\/","og_locale":"en_GB","og_type":"article","og_title":"Spatii de birouri de inchiriat","og_description":"Spatii de birouri de inchiriat \u00een Romania. Birouri clasa A in cladiri moderne \u2013 4Biz Properties.","og_url":"https:\/\/www.4bizproperties.ro\/en\/birouri-de-inchiriat\/","og_site_name":"4Biz Properties","article_modified_time":"2025-10-01T08:49:37+00:00","og_image":[{"width":1080,"height":1080,"url":"https:\/\/www.4bizproperties.ro\/wp-content\/uploads\/2025\/10\/Birouri-4Biz-properties.png","type":"image\/png"}],"twitter_card":"summary_large_image","twitter_misc":{"Estimated reading time":"1 minute"},"schema":{"@context":"https:\/\/schema.org","@graph":[{"@type":"WebPage","@id":"https:\/\/www.4bizproperties.ro\/birouri-de-inchiriat\/","url":"https:\/\/www.4bizproperties.ro\/birouri-de-inchiriat\/","name":"Spatii de birouri Romania | 4Biz Properties","isPartOf":{"@id":"https:\/\/www.4bizproperties.ro\/#website"},"primaryImageOfPage":{"@id":"https:\/\/www.4bizproperties.ro\/birouri-de-inchiriat\/#primaryimage"},"image":{"@id":"https:\/\/www.4bizproperties.ro\/birouri-de-inchiriat\/#primaryimage"},"thumbnailUrl":"https:\/\/www.4bizproperties.ro\/wp-content\/uploads\/2025\/10\/Birouri-4Biz-properties.png","datePublished":"2025-10-01T08:41:38+00:00","dateModified":"2025-10-01T08:49:37+00:00","description":"Spatii de birouri de inchiriat \u00een Romania. Birouri clasa A in cladiri moderne \u2013 4Biz Properties.","breadcrumb":{"@id":"https:\/\/www.4bizproperties.ro\/birouri-de-inchiriat\/#breadcrumb"},"inLanguage":"en-GB","potentialAction":[{"@type":"ReadAction","target":["https:\/\/www.4bizproperties.ro\/birouri-de-inchiriat\/"]}]},{"@type":"ImageObject","inLanguage":"en-GB","@id":"https:\/\/www.4bizproperties.ro\/birouri-de-inchiriat\/#primaryimage","url":"https:\/\/www.4bizproperties.ro\/wp-content\/uploads\/2025\/10\/Birouri-4Biz-properties.png","contentUrl":"https:\/\/www.4bizproperties.ro\/wp-content\/uploads\/2025\/10\/Birouri-4Biz-properties.png","width":1080,"height":1080},{"@type":"BreadcrumbList","@id":"https:\/\/www.4bizproperties.ro\/birouri-de-inchiriat\/#breadcrumb","itemListElement":[{"@type":"ListItem","position":1,"name":"Prima pagin\u0103","item":"https:\/\/www.4bizproperties.ro\/"},{"@type":"ListItem","position":2,"name":"Spatii de birouri de inchiriat"}]},{"@type":"WebSite","@id":"https:\/\/www.4bizproperties.ro\/#website","url":"https:\/\/www.4bizproperties.ro\/","name":"4Biz Properties","description":"Commercial Real Estate. Defined by Expertise.","potentialAction":[{"@type":"SearchAction","target":{"@type":"EntryPoint","urlTemplate":"https:\/\/www.4bizproperties.ro\/?s={search_term_string}"},"query-input":{"@type":"PropertyValueSpecification","valueRequired":true,"valueName":"search_term_string"}}],"inLanguage":"en-GB"},false]}},"_links":{"self":[{"href":"https:\/\/www.4bizproperties.ro\/en\/wp-json\/wp\/v2\/pages\/24056","targetHints":{"allow":["GET"]}}],"collection":[{"href":"https:\/\/www.4bizproperties.ro\/en\/wp-json\/wp\/v2\/pages"}],"about":[{"href":"https:\/\/www.4bizproperties.ro\/en\/wp-json\/wp\/v2\/types\/page"}],"author":[{"embeddable":true,"href":"https:\/\/www.4bizproperties.ro\/en\/wp-json\/wp\/v2\/users\/1"}],"replies":[{"embeddable":true,"href":"https:\/\/www.4bizproperties.ro\/en\/wp-json\/wp\/v2\/comments?post=24056"}],"version-history":[{"count":4,"href":"https:\/\/www.4bizproperties.ro\/en\/wp-json\/wp\/v2\/pages\/24056\/revisions"}],"predecessor-version":[{"id":24063,"href":"https:\/\/www.4bizproperties.ro\/en\/wp-json\/wp\/v2\/pages\/24056\/revisions\/24063"}],"wp:featuredmedia":[{"embeddable":true,"href":"https:\/\/www.4bizproperties.ro\/en\/wp-json\/wp\/v2\/media\/24057"}],"wp:attachment":[{"href":"https:\/\/www.4bizproperties.ro\/en\/wp-json\/wp\/v2\/media?parent=24056"}],"curies":[{"name":"wp","href":"https:\/\/api.w.org\/{rel}","templated":true}]}}