{"id":24135,"date":"2025-10-02T10:34:19","date_gmt":"2025-10-02T10:34:19","guid":{"rendered":"https:\/\/www.4bizproperties.ro\/?page_id=24135"},"modified":"2025-10-06T12:46:23","modified_gmt":"2025-10-06T12:46:23","slug":"parcuri-de-retail-de-vanzare","status":"publish","type":"page","link":"https:\/\/www.4bizproperties.ro\/en\/parcuri-de-retail-de-vanzare\/","title":{"rendered":"Retail parks for sale"},"content":{"rendered":"<div data-elementor-type=\"wp-page\" data-elementor-id=\"24135\" class=\"elementor elementor-24135\">\n\t\t\t\t<div class=\"elementor-element elementor-element-245f7f3 e-flex e-con-boxed e-con e-parent\" data-id=\"245f7f3\" data-element_type=\"container\" data-settings=\"{&quot;background_background&quot;:&quot;classic&quot;}\">\n\t\t\t\t\t<div class=\"e-con-inner\">\n\t\t\t\t<div class=\"elementor-element elementor-element-7ecf5f72 elementor-widget elementor-widget-heading\" data-id=\"7ecf5f72\" data-element_type=\"widget\" data-widget_type=\"heading.default\">\n\t\t\t\t<div class=\"elementor-widget-container\">\n\t\t\t\t\t<h2 class=\"elementor-heading-title elementor-size-default\"><a href=\"https:\/\/www.4bizproperties.ro\/en\/inchiriere\/birouri\/\">Shopping centers and retail parks for sale<\/a><\/h2>\t\t\t\t<\/div>\n\t\t\t\t<\/div>\n\t\t\t\t\t<\/div>\n\t\t\t\t<\/div>\n\t\t<div class=\"elementor-element elementor-element-1dbc907 e-flex e-con-boxed e-con e-parent\" data-id=\"1dbc907\" data-element_type=\"container\" data-settings=\"{&quot;background_background&quot;:&quot;classic&quot;}\">\n\t\t\t\t\t<div class=\"e-con-inner\">\n\t\t\t\t<div class=\"elementor-element elementor-element-e773a52 elementor-widget elementor-widget-heading\" data-id=\"e773a52\" data-element_type=\"widget\" data-widget_type=\"heading.default\">\n\t\t\t\t<div class=\"elementor-widget-container\">\n\t\t\t\t\t<p class=\"elementor-heading-title elementor-size-default\"><a href=\"https:\/\/www.4bizproperties.ro\/en\/contact\/\">Access exclusive offers of retail parks and shopping centers available for purchase in Romania.<\/a><\/p>\t\t\t\t<\/div>\n\t\t\t\t<\/div>\n\t\t\t\t\t<\/div>\n\t\t\t\t<\/div>\n\t\t<div class=\"elementor-element elementor-element-e359c27 e-flex e-con-boxed e-con e-parent\" data-id=\"e359c27\" data-element_type=\"container\" data-settings=\"{&quot;background_background&quot;:&quot;classic&quot;}\">\n\t\t\t\t\t<div class=\"e-con-inner\">\n\t\t\t\t<div class=\"elementor-element elementor-element-6f481cb elementor-widget elementor-widget-heading\" data-id=\"6f481cb\" data-element_type=\"widget\" data-widget_type=\"heading.default\">\n\t\t\t\t<div class=\"elementor-widget-container\">\n\t\t\t\t\t<p class=\"elementor-heading-title elementor-size-default\"><a href=\"https:\/\/www.4bizproperties.ro\/en\/contact\/\">Fill in the form below or contact us by phone to receive available offers.<\/a><\/p>\t\t\t\t<\/div>\n\t\t\t\t<\/div>\n\t\t\t\t\t<\/div>\n\t\t\t\t<\/div>\n\t\t<div class=\"elementor-element elementor-element-6c9f541 e-flex e-con-boxed e-con e-parent\" data-id=\"6c9f541\" data-element_type=\"container\">\n\t\t\t\t\t<div class=\"e-con-inner\">\n\t\t<div class=\"elementor-element elementor-element-b0aee52 e-con-full e-flex e-con e-child\" data-id=\"b0aee52\" data-element_type=\"container\">\n\t\t\t\t<div class=\"elementor-element elementor-element-f4c4f38 elementor-widget elementor-widget-image\" data-id=\"f4c4f38\" data-element_type=\"widget\" data-widget_type=\"image.default\">\n\t\t\t\t<div class=\"elementor-widget-container\">\n\t\t\t\t\t\t\t\t\t\t\t\t\t\t\t<img fetchpriority=\"high\" decoding=\"async\" width=\"1024\" height=\"1024\" src=\"https:\/\/www.4bizproperties.ro\/wp-content\/uploads\/2025\/10\/Centre-comerciale-4Biz-properties-1024x1024.png\" class=\"attachment-large size-large wp-image-24136\" alt=\"\" srcset=\"https:\/\/www.4bizproperties.ro\/wp-content\/uploads\/2025\/10\/Centre-comerciale-4Biz-properties-1024x1024.png 1024w, https:\/\/www.4bizproperties.ro\/wp-content\/uploads\/2025\/10\/Centre-comerciale-4Biz-properties-300x300.png 300w, https:\/\/www.4bizproperties.ro\/wp-content\/uploads\/2025\/10\/Centre-comerciale-4Biz-properties-150x150.png 150w, https:\/\/www.4bizproperties.ro\/wp-content\/uploads\/2025\/10\/Centre-comerciale-4Biz-properties-768x768.png 768w, https:\/\/www.4bizproperties.ro\/wp-content\/uploads\/2025\/10\/Centre-comerciale-4Biz-properties-12x12.png 12w, https:\/\/www.4bizproperties.ro\/wp-content\/uploads\/2025\/10\/Centre-comerciale-4Biz-properties-120x120.png 120w, https:\/\/www.4bizproperties.ro\/wp-content\/uploads\/2025\/10\/Centre-comerciale-4Biz-properties-45x45.png 45w, https:\/\/www.4bizproperties.ro\/wp-content\/uploads\/2025\/10\/Centre-comerciale-4Biz-properties-36x36.png 36w, https:\/\/www.4bizproperties.ro\/wp-content\/uploads\/2025\/10\/Centre-comerciale-4Biz-properties.png 1080w\" sizes=\"(max-width: 1024px) 100vw, 1024px\" \/>\t\t\t\t\t\t\t\t\t\t\t\t\t\t\t<\/div>\n\t\t\t\t<\/div>\n\t\t\t\t<\/div>\n\t\t<div class=\"elementor-element elementor-element-49e0764 e-con-full e-flex e-con e-child\" data-id=\"49e0764\" data-element_type=\"container\">\n\t\t\t\t<div class=\"elementor-element elementor-element-b8d199e elementor-widget elementor-widget-text-editor\" data-id=\"b8d199e\" data-element_type=\"widget\" data-widget_type=\"text-editor.default\">\n\t\t\t\t<div class=\"elementor-widget-container\">\n\t\t\t\t\t\t\t\t\t<p>\n<div class=\"wpcf7 no-js\" id=\"wpcf7-f22112-o1\" lang=\"ro-RO\" dir=\"ltr\" data-wpcf7-id=\"22112\">\n<div class=\"screen-reader-response\"><p role=\"status\" aria-live=\"polite\" aria-atomic=\"true\"><\/p> <ul><\/ul><\/div>\n<form action=\"\/en\/wp-json\/wp\/v2\/pages\/24135#wpcf7-f22112-o1\" method=\"post\" class=\"wpcf7-form init\" aria-label=\"Contact form\" novalidate=\"novalidate\" data-status=\"init\" data-trp-original-action=\"\/en\/wp-json\/wp\/v2\/pages\/24135#wpcf7-f22112-o1\">\n<fieldset class=\"hidden-fields-container\"><input type=\"hidden\" name=\"_wpcf7\" value=\"22112\" \/><input type=\"hidden\" name=\"_wpcf7_version\" value=\"6.1.2\" \/><input type=\"hidden\" name=\"_wpcf7_locale\" value=\"ro_RO\" \/><input type=\"hidden\" name=\"_wpcf7_unit_tag\" value=\"wpcf7-f22112-o1\" \/><input type=\"hidden\" name=\"_wpcf7_container_post\" value=\"0\" \/><input type=\"hidden\" name=\"_wpcf7_posted_data_hash\" value=\"\" \/>\n<\/fieldset>\n<div class=\"cf7-two-columns\">\n\t<div class=\"cf7-column\">\n\t\t<p><span class=\"wpcf7-form-control-wrap\" data-name=\"nume\"><input size=\"40\" maxlength=\"400\" class=\"wpcf7-form-control wpcf7-text wpcf7-validates-as-required\" aria-required=\"true\" aria-invalid=\"false\" placeholder=\"First name\" value=\"\" type=\"text\" name=\"nume\" \/><\/span>\n\t\t<\/p>\n\t<\/div>\n\t<div class=\"cf7-column\">\n\t\t<p><span class=\"wpcf7-form-control-wrap\" data-name=\"prenume\"><input size=\"40\" maxlength=\"400\" class=\"wpcf7-form-control wpcf7-text wpcf7-validates-as-required\" aria-required=\"true\" aria-invalid=\"false\" placeholder=\"Name\" value=\"\" type=\"text\" name=\"prenume\" \/><\/span>\n\t\t<\/p>\n\t<\/div>\n\t<div class=\"cf7-column\">\n\t\t<p><span class=\"wpcf7-form-control-wrap\" data-name=\"email\"><input size=\"40\" maxlength=\"400\" class=\"wpcf7-form-control wpcf7-text wpcf7-validates-as-required\" aria-required=\"true\" aria-invalid=\"false\" placeholder=\"E-mail\" value=\"\" type=\"text\" name=\"email\" \/><\/span>\n\t\t<\/p>\n\t<\/div>\n\t<div class=\"cf7-column\">\n\t\t<p><span class=\"wpcf7-form-control-wrap\" data-name=\"telefon\"><input size=\"40\" maxlength=\"400\" class=\"wpcf7-form-control wpcf7-text wpcf7-validates-as-required\" aria-required=\"true\" aria-invalid=\"false\" placeholder=\"Phone number\" value=\"\" type=\"text\" name=\"telefon\" \/><\/span>\n\t\t<\/p>\n\t<\/div>\n\t<p><label> I want to: <\/label>\n\t<\/p>\n\t<p><span class=\"wpcf7-form-control-wrap\" data-name=\"checkbox-88\"><span class=\"wpcf7-form-control wpcf7-checkbox\"><span class=\"wpcf7-list-item first\"><label><input type=\"checkbox\" name=\"checkbox-88[]\" value=\"\u00cenchiriez\" \/><span class=\"wpcf7-list-item-label\">Rent<\/span><\/label><\/span><span class=\"wpcf7-list-item last\"><label><input type=\"checkbox\" name=\"checkbox-88[]\" value=\"Cump\u0103r\" \/><span class=\"wpcf7-list-item-label\">Buy<\/span><\/label><\/span><\/span><\/span><br \/>\n<label> Property type: <\/label><br \/>\n<span class=\"wpcf7-form-control-wrap\" data-name=\"checkbox-349\"><span class=\"wpcf7-form-control wpcf7-checkbox\"><span class=\"wpcf7-list-item first\"><label><input type=\"checkbox\" name=\"checkbox-349[]\" value=\"Birou\" \/><span class=\"wpcf7-list-item-label\">Office<\/span><\/label><\/span><span class=\"wpcf7-list-item\"><label><input type=\"checkbox\" name=\"checkbox-349[]\" value=\"Spa\u021biu comercial\" \/><span class=\"wpcf7-list-item-label\">Retail<\/span><\/label><\/span><span class=\"wpcf7-list-item\"><label><input type=\"checkbox\" name=\"checkbox-349[]\" value=\"Spa\u021biu industrial\/logistic\u0103\" \/><span class=\"wpcf7-list-item-label\">Industrial\/logistics space<\/span><\/label><\/span><span class=\"wpcf7-list-item\"><label><input type=\"checkbox\" name=\"checkbox-349[]\" value=\"Teren\" \/><span class=\"wpcf7-list-item-label\">Land<\/span><\/label><\/span><span class=\"wpcf7-list-item last\"><label><input type=\"checkbox\" name=\"checkbox-349[]\" value=\"Alt\u0103 variant\u0103\" \/><span class=\"wpcf7-list-item-label\">Another option<\/span><\/label><\/span><\/span><\/span>\n\t<\/p>\n\t<p><label> Surface: <\/label><br \/>\n<span class=\"wpcf7-form-control-wrap\" data-name=\"checkbox-426\"><span class=\"wpcf7-form-control wpcf7-checkbox\"><span class=\"wpcf7-list-item first\"><label><input type=\"checkbox\" name=\"checkbox-426[]\" value=\"&lt; 1000 mp\" \/><span class=\"wpcf7-list-item-label\">&lt; 1000 sqm<\/span><\/label><\/span><span class=\"wpcf7-list-item\"><label><input type=\"checkbox\" name=\"checkbox-426[]\" value=\"1000 - 5000 mp\" \/><span class=\"wpcf7-list-item-label\">1000 - 5000 sqm<\/span><\/label><\/span><span class=\"wpcf7-list-item last\"><label><input type=\"checkbox\" name=\"checkbox-426[]\" value=\"&gt; 5000 mp\" \/><span class=\"wpcf7-list-item-label\">&gt; 5000 sqm<\/span><\/label><\/span><\/span><\/span>\n\t<\/p>\n\t<div class=\"cf7-full-width\">\n\t\t<div class=\"cf7-column\">\n\t\t\t<p><span class=\"wpcf7-form-control-wrap\" data-name=\"oras\"><input size=\"40\" maxlength=\"400\" class=\"wpcf7-form-control wpcf7-text wpcf7-validates-as-required\" aria-required=\"true\" aria-invalid=\"false\" placeholder=\"City of interest\" value=\"\" type=\"text\" name=\"oras\" \/><\/span>\n\t\t\t<\/p>\n\t\t<\/div>\n\t\t<p><span class=\"wpcf7-form-control-wrap\" data-name=\"solicitare\"><textarea cols=\"40\" rows=\"10\" maxlength=\"2000\" class=\"wpcf7-form-control wpcf7-textarea\" aria-invalid=\"false\" placeholder=\"Type your message here\" name=\"solicitare\"><\/textarea><\/span>\n\t\t<\/p>\n\t<\/div>\n\t<div class=\"cf7-full-width cf7-accept\">\n\t\t<p><span class=\"wpcf7-form-control-wrap\" data-name=\"confidentialitate\"><span class=\"wpcf7-form-control wpcf7-acceptance\"><span class=\"wpcf7-list-item\"><label><input type=\"checkbox\" name=\"confidentialitate\" value=\"1\" aria-invalid=\"false\" \/><span class=\"wpcf7-list-item-label\">I accept the privacy and personal data processing policy<\/span><\/label><\/span><\/span><\/span>\n\t\t<\/p>\n\t<\/div>\n\t<div class=\"cf7-submit-wrapper\">\n\t\t<p><input class=\"wpcf7-form-control wpcf7-submit has-spinner\" type=\"submit\" value=\"SEND REQUEST\" \/>\n\t\t<\/p>\n\t<\/div>\n<\/div><div class=\"wpcf7-response-output\" aria-hidden=\"true\"><\/div>\n<input type=\"hidden\" name=\"trp-form-language\" value=\"en\"\/><\/form>\n<\/div>\n<\/p>\t\t\t\t\t\t\t\t<\/div>\n\t\t\t\t<\/div>\n\t\t\t\t<\/div>\n\t\t\t\t\t<\/div>\n\t\t\t\t<\/div>\n\t\t<div class=\"elementor-element elementor-element-afd48f1 e-grid e-con-boxed e-con e-parent\" data-id=\"afd48f1\" data-element_type=\"container\">\n\t\t\t\t\t<div class=\"e-con-inner\">\n\t\t\t\t<div class=\"elementor-element elementor-element-e4f8475 elementor-widget elementor-widget-text-editor\" data-id=\"e4f8475\" data-element_type=\"widget\" data-widget_type=\"text-editor.default\">\n\t\t\t\t<div class=\"elementor-widget-container\">\n\t\t\t\t\t\t\t\t\t<p data-start=\"305\" data-end=\"376\">Access exclusive investment opportunities in retail real estate.<\/p><p data-start=\"378\" data-end=\"667\">4Biz Properties brokers <strong data-start=\"407\" data-end=\"432\">off-market transactions<\/strong> to <strong data-start=\"440\" data-end=\"482\">shopping centers and retail parks<\/strong> located in <strong data-start=\"494\" data-end=\"553\">the most important cities and regional areas in Romania<\/strong> - as well as <strong data-start=\"563\" data-end=\"625\">Bucharest, Iasi, Cluj, Timisoara, Brasov, Sibiu, Constanta<\/strong> and other developing economic centers.<\/p><p data-start=\"669\" data-end=\"778\">Our portfolio includes <strong data-start=\"697\" data-end=\"757\">retail properties stabilized or under development<\/strong>, suitable for:<\/p><ul data-start=\"779\" data-end=\"1040\"><li data-start=\"779\" data-end=\"876\"><p data-start=\"781\" data-end=\"876\">Investors interested in income-producing assets;<\/p><\/li><li data-start=\"877\" data-end=\"954\"><p data-start=\"879\" data-end=\"954\">Funds and companies looking to expand their portfolio in Romania;<\/p><\/li><li data-start=\"955\" data-end=\"1040\"><p data-start=\"957\" data-end=\"1040\">Developers seeking strategic partnerships for exit or co-investment.<\/p><\/li><\/ul><p data-start=\"1042\" data-end=\"1253\">With our expertise in <strong data-start=\"1068\" data-end=\"1106\">commercial real estate consultancy<\/strong> and strengthened relationships with investors and developers, we facilitate <strong data-start=\"1174\" data-end=\"1202\">confidential transactions<\/strong>with clear due diligence and negotiation processes.<\/p><p data-start=\"1255\" data-end=\"1409\">\ud83d\udce9 <strong data-start=\"1258\" data-end=\"1296\">Contact the 4Biz Properties team<\/strong> for access to exclusive opportunities and further information on properties available for sale.<\/p>\t\t\t\t\t\t\t\t<\/div>\n\t\t\t\t<\/div>\n\t\t\t\t\t<\/div>\n\t\t\t\t<\/div>\n\t\t\t\t<\/div>","protected":false},"excerpt":{"rendered":"<p>Centre comerciale \u0219i parcuri de retail de v\u00e2nzare Acceseaz\u0103 oferte exclusive de retail park \u0219i centre comerciale disponibile pentru achizi\u021bie \u00een Rom\u00e2nia. Completeaz\u0103 formularul de mai jos sau contacteaz\u0103-ne telefonic pentru a primi ofertele disponibile. Acceseaz\u0103 oportunit\u0103\u021bi exclusive de investi\u021bii \u00een retail real estate. 4Biz Properties intermediaz\u0103 tranzac\u021bii off-market pentru centre comerciale \u0219i parcuri de retail situate \u00een cele mai importante ora\u0219e \u0219i zone &#8230;<\/p>","protected":false},"author":1,"featured_media":24136,"parent":0,"menu_order":0,"comment_status":"closed","ping_status":"closed","template":"","meta":{"inline_featured_image":false,"yasr_overall_rating":0,"yasr_post_is_review":"","yasr_auto_insert_disabled":"","yasr_review_type":"","_joinchat":[],"footnotes":""},"class_list":["post-24135","page","type-page","status-publish","has-post-thumbnail","hentry"],"yasr_visitor_votes":{"stars_attributes":{"read_only":false,"span_bottom":false},"number_of_votes":0,"sum_votes":0},"yoast_head":"<!-- This site is optimized with the Yoast SEO Premium plugin v24.4 (Yoast SEO v24.4) - https:\/\/yoast.com\/wordpress\/plugins\/seo\/ -->\n<title>Centre comerciale de vanzare in Romania | 4Biz Properties<\/title>\n<meta name=\"description\" content=\"Spatii comerciale de inchiriat \u00een Romania. Solutii si consultanta retail \u2013 4Biz Properties.\" \/>\n<meta name=\"robots\" content=\"index, follow, max-snippet:-1, max-image-preview:large, max-video-preview:-1\" \/>\n<link rel=\"canonical\" href=\"https:\/\/www.4bizproperties.ro\/en\/parcuri-de-retail-de-vanzare\/\" \/>\n<meta property=\"og:locale\" content=\"en_GB\" \/>\n<meta property=\"og:type\" content=\"article\" \/>\n<meta property=\"og:title\" content=\"Parcuri de retail de vanzare\" \/>\n<meta property=\"og:description\" content=\"Spatii comerciale de inchiriat \u00een Romania. Solutii si consultanta retail \u2013 4Biz Properties.\" \/>\n<meta property=\"og:url\" content=\"https:\/\/www.4bizproperties.ro\/en\/parcuri-de-retail-de-vanzare\/\" \/>\n<meta property=\"og:site_name\" content=\"4Biz Properties\" \/>\n<meta property=\"article:modified_time\" content=\"2025-10-06T12:46:23+00:00\" \/>\n<meta property=\"og:image\" content=\"https:\/\/www.4bizproperties.ro\/wp-content\/uploads\/2025\/10\/Centre-comerciale-4Biz-properties.png\" \/>\n\t<meta property=\"og:image:width\" content=\"1080\" \/>\n\t<meta property=\"og:image:height\" content=\"1080\" \/>\n\t<meta property=\"og:image:type\" content=\"image\/png\" \/>\n<meta name=\"twitter:card\" content=\"summary_large_image\" \/>\n<meta name=\"twitter:label1\" content=\"Estimated reading time\" \/>\n\t<meta name=\"twitter:data1\" content=\"2 minutes\" \/>\n<script type=\"application\/ld+json\" class=\"yoast-schema-graph\">{\"@context\":\"https:\/\/schema.org\",\"@graph\":[{\"@type\":\"WebPage\",\"@id\":\"https:\/\/www.4bizproperties.ro\/parcuri-de-retail-de-vanzare\/\",\"url\":\"https:\/\/www.4bizproperties.ro\/parcuri-de-retail-de-vanzare\/\",\"name\":\"Centre comerciale de vanzare in Romania | 4Biz Properties\",\"isPartOf\":{\"@id\":\"https:\/\/www.4bizproperties.ro\/#website\"},\"primaryImageOfPage\":{\"@id\":\"https:\/\/www.4bizproperties.ro\/parcuri-de-retail-de-vanzare\/#primaryimage\"},\"image\":{\"@id\":\"https:\/\/www.4bizproperties.ro\/parcuri-de-retail-de-vanzare\/#primaryimage\"},\"thumbnailUrl\":\"https:\/\/www.4bizproperties.ro\/wp-content\/uploads\/2025\/10\/Centre-comerciale-4Biz-properties.png\",\"datePublished\":\"2025-10-02T10:34:19+00:00\",\"dateModified\":\"2025-10-06T12:46:23+00:00\",\"description\":\"Spatii comerciale de inchiriat \u00een Romania. Solutii si consultanta retail \u2013 4Biz Properties.\",\"breadcrumb\":{\"@id\":\"https:\/\/www.4bizproperties.ro\/parcuri-de-retail-de-vanzare\/#breadcrumb\"},\"inLanguage\":\"en-GB\",\"potentialAction\":[{\"@type\":\"ReadAction\",\"target\":[\"https:\/\/www.4bizproperties.ro\/parcuri-de-retail-de-vanzare\/\"]}]},{\"@type\":\"ImageObject\",\"inLanguage\":\"en-GB\",\"@id\":\"https:\/\/www.4bizproperties.ro\/parcuri-de-retail-de-vanzare\/#primaryimage\",\"url\":\"https:\/\/www.4bizproperties.ro\/wp-content\/uploads\/2025\/10\/Centre-comerciale-4Biz-properties.png\",\"contentUrl\":\"https:\/\/www.4bizproperties.ro\/wp-content\/uploads\/2025\/10\/Centre-comerciale-4Biz-properties.png\",\"width\":1080,\"height\":1080},{\"@type\":\"BreadcrumbList\",\"@id\":\"https:\/\/www.4bizproperties.ro\/parcuri-de-retail-de-vanzare\/#breadcrumb\",\"itemListElement\":[{\"@type\":\"ListItem\",\"position\":1,\"name\":\"Prima pagin\u0103\",\"item\":\"https:\/\/www.4bizproperties.ro\/\"},{\"@type\":\"ListItem\",\"position\":2,\"name\":\"Parcuri de retail de vanzare\"}]},{\"@type\":\"WebSite\",\"@id\":\"https:\/\/www.4bizproperties.ro\/#website\",\"url\":\"https:\/\/www.4bizproperties.ro\/\",\"name\":\"4Biz Properties\",\"description\":\"Commercial Real Estate. Defined by Expertise.\",\"potentialAction\":[{\"@type\":\"SearchAction\",\"target\":{\"@type\":\"EntryPoint\",\"urlTemplate\":\"https:\/\/www.4bizproperties.ro\/?s={search_term_string}\"},\"query-input\":{\"@type\":\"PropertyValueSpecification\",\"valueRequired\":true,\"valueName\":\"search_term_string\"}}],\"inLanguage\":\"en-GB\"},false]}<\/script>\n<!-- \/ Yoast SEO Premium plugin. -->","yoast_head_json":{"title":"Centre comerciale de vanzare in Romania | 4Biz Properties","description":"Spatii comerciale de inchiriat \u00een Romania. Solutii si consultanta retail \u2013 4Biz Properties.","robots":{"index":"index","follow":"follow","max-snippet":"max-snippet:-1","max-image-preview":"max-image-preview:large","max-video-preview":"max-video-preview:-1"},"canonical":"https:\/\/www.4bizproperties.ro\/en\/parcuri-de-retail-de-vanzare\/","og_locale":"en_GB","og_type":"article","og_title":"Parcuri de retail de vanzare","og_description":"Spatii comerciale de inchiriat \u00een Romania. Solutii si consultanta retail \u2013 4Biz Properties.","og_url":"https:\/\/www.4bizproperties.ro\/en\/parcuri-de-retail-de-vanzare\/","og_site_name":"4Biz Properties","article_modified_time":"2025-10-06T12:46:23+00:00","og_image":[{"width":1080,"height":1080,"url":"https:\/\/www.4bizproperties.ro\/wp-content\/uploads\/2025\/10\/Centre-comerciale-4Biz-properties.png","type":"image\/png"}],"twitter_card":"summary_large_image","twitter_misc":{"Estimated reading time":"2 minutes"},"schema":{"@context":"https:\/\/schema.org","@graph":[{"@type":"WebPage","@id":"https:\/\/www.4bizproperties.ro\/parcuri-de-retail-de-vanzare\/","url":"https:\/\/www.4bizproperties.ro\/parcuri-de-retail-de-vanzare\/","name":"Centre comerciale de vanzare in Romania | 4Biz Properties","isPartOf":{"@id":"https:\/\/www.4bizproperties.ro\/#website"},"primaryImageOfPage":{"@id":"https:\/\/www.4bizproperties.ro\/parcuri-de-retail-de-vanzare\/#primaryimage"},"image":{"@id":"https:\/\/www.4bizproperties.ro\/parcuri-de-retail-de-vanzare\/#primaryimage"},"thumbnailUrl":"https:\/\/www.4bizproperties.ro\/wp-content\/uploads\/2025\/10\/Centre-comerciale-4Biz-properties.png","datePublished":"2025-10-02T10:34:19+00:00","dateModified":"2025-10-06T12:46:23+00:00","description":"Spatii comerciale de inchiriat \u00een Romania. Solutii si consultanta retail \u2013 4Biz Properties.","breadcrumb":{"@id":"https:\/\/www.4bizproperties.ro\/parcuri-de-retail-de-vanzare\/#breadcrumb"},"inLanguage":"en-GB","potentialAction":[{"@type":"ReadAction","target":["https:\/\/www.4bizproperties.ro\/parcuri-de-retail-de-vanzare\/"]}]},{"@type":"ImageObject","inLanguage":"en-GB","@id":"https:\/\/www.4bizproperties.ro\/parcuri-de-retail-de-vanzare\/#primaryimage","url":"https:\/\/www.4bizproperties.ro\/wp-content\/uploads\/2025\/10\/Centre-comerciale-4Biz-properties.png","contentUrl":"https:\/\/www.4bizproperties.ro\/wp-content\/uploads\/2025\/10\/Centre-comerciale-4Biz-properties.png","width":1080,"height":1080},{"@type":"BreadcrumbList","@id":"https:\/\/www.4bizproperties.ro\/parcuri-de-retail-de-vanzare\/#breadcrumb","itemListElement":[{"@type":"ListItem","position":1,"name":"Prima pagin\u0103","item":"https:\/\/www.4bizproperties.ro\/"},{"@type":"ListItem","position":2,"name":"Parcuri de retail de vanzare"}]},{"@type":"WebSite","@id":"https:\/\/www.4bizproperties.ro\/#website","url":"https:\/\/www.4bizproperties.ro\/","name":"4Biz Properties","description":"Commercial Real Estate. Defined by Expertise.","potentialAction":[{"@type":"SearchAction","target":{"@type":"EntryPoint","urlTemplate":"https:\/\/www.4bizproperties.ro\/?s={search_term_string}"},"query-input":{"@type":"PropertyValueSpecification","valueRequired":true,"valueName":"search_term_string"}}],"inLanguage":"en-GB"},false]}},"_links":{"self":[{"href":"https:\/\/www.4bizproperties.ro\/en\/wp-json\/wp\/v2\/pages\/24135","targetHints":{"allow":["GET"]}}],"collection":[{"href":"https:\/\/www.4bizproperties.ro\/en\/wp-json\/wp\/v2\/pages"}],"about":[{"href":"https:\/\/www.4bizproperties.ro\/en\/wp-json\/wp\/v2\/types\/page"}],"author":[{"embeddable":true,"href":"https:\/\/www.4bizproperties.ro\/en\/wp-json\/wp\/v2\/users\/1"}],"replies":[{"embeddable":true,"href":"https:\/\/www.4bizproperties.ro\/en\/wp-json\/wp\/v2\/comments?post=24135"}],"version-history":[{"count":10,"href":"https:\/\/www.4bizproperties.ro\/en\/wp-json\/wp\/v2\/pages\/24135\/revisions"}],"predecessor-version":[{"id":24406,"href":"https:\/\/www.4bizproperties.ro\/en\/wp-json\/wp\/v2\/pages\/24135\/revisions\/24406"}],"wp:featuredmedia":[{"embeddable":true,"href":"https:\/\/www.4bizproperties.ro\/en\/wp-json\/wp\/v2\/media\/24136"}],"wp:attachment":[{"href":"https:\/\/www.4bizproperties.ro\/en\/wp-json\/wp\/v2\/media?parent=24135"}],"curies":[{"name":"wp","href":"https:\/\/api.w.org\/{rel}","templated":true}]}}